{"id":4873,"date":"2025-02-04T10:33:00","date_gmt":"2025-02-04T10:33:00","guid":{"rendered":"https:\/\/carnemaronesadop.com\/?post_type=product&#038;p=4873"},"modified":"2026-04-07T17:53:12","modified_gmt":"2026-04-07T17:53:12","slug":"pack-costeletas-maronesa-clima-mais","status":"publish","type":"product","link":"https:\/\/carnemaronesadop.com\/en\/produtos\/pack-costeletas-maronesa-clima-mais\/","title":{"rendered":"Pack Costeletas Maronesa"},"content":{"rendered":"<h3>Pack Costeletas Maronesa<\/h3>\n<div class=\"flex-shrink-0 flex flex-col relative items-end\">\n<div class=\"pt-0\">\n<div class=\"gizmo-bot-avatar flex h-8 w-8 items-center justify-center overflow-hidden rounded-full\">\n<div class=\"relative p-1 rounded-sm flex items-center justify-center bg-token-main-surface-primary text-token-text-primary h-8 w-8\">\n<p>Pack de <strong>Costeletas Maronesas<\/strong>\u00a0perfeitas para grelhar e desfrutar de uma carne tenra, suculenta e cheia de sabor.<\/p>\n<p>Peso: 4,75 Kg ~ 5,0 Kg<\/p>\n<\/div>\n<\/div>\n<\/div>\n<\/div>\n<p>________________<\/p>\n<p>A nossa carne \u00e9 certificada com Denominac\u0327a\u0303o de Origem Protegida, a CARNE MARONESA DOP.<br \/>\nA ra\u00e7a Maronesa define-se como uma ra\u00e7a de montanha, primitiva, natural, e r\u00fastica.<br \/>\nA carne Maronesa apresenta uma gordura branca a branco marfim, conforme se trate de vitela ou animal adulto. O m\u00fasculo possui cor rosa a vermelha escura, tamb\u00e9m de acordo com a idade do animal.<\/p>\n","protected":false},"excerpt":{"rendered":"<p>Pack Costeletas Maronesa Pack de Costeletas Maronesas\u00a0perfeitas para grelhar e desfrutar de uma carne tenra, suculenta e cheia de sabor. Peso: 4,75 Kg ~ 5,0 Kg ________________ A nossa carne \u00e9 certificada com Denominac\u0327a\u0303o de Origem Protegida, a CARNE MARONESA DOP. A ra\u00e7a Maronesa define-se como uma ra\u00e7a de montanha, primitiva, natural, e r\u00fastica. A [&hellip;]<\/p>\n","protected":false},"featured_media":4954,"comment_status":"open","ping_status":"closed","template":"","meta":[],"product_cat":[90],"product_tag":[88],"class_list":["post-4873","product","type-product","status-publish","has-post-thumbnail","hentry","product_cat-clima","product_tag-costeletas-maronesa"],"_links":{"self":[{"href":"https:\/\/carnemaronesadop.com\/en\/wp-json\/wp\/v2\/product\/4873","targetHints":{"allow":["GET"]}}],"collection":[{"href":"https:\/\/carnemaronesadop.com\/en\/wp-json\/wp\/v2\/product"}],"about":[{"href":"https:\/\/carnemaronesadop.com\/en\/wp-json\/wp\/v2\/types\/product"}],"replies":[{"embeddable":true,"href":"https:\/\/carnemaronesadop.com\/en\/wp-json\/wp\/v2\/comments?post=4873"}],"version-history":[{"count":2,"href":"https:\/\/carnemaronesadop.com\/en\/wp-json\/wp\/v2\/product\/4873\/revisions"}],"predecessor-version":[{"id":4875,"href":"https:\/\/carnemaronesadop.com\/en\/wp-json\/wp\/v2\/product\/4873\/revisions\/4875"}],"wp:featuredmedia":[{"embeddable":true,"href":"https:\/\/carnemaronesadop.com\/en\/wp-json\/wp\/v2\/media\/4954"}],"wp:attachment":[{"href":"https:\/\/carnemaronesadop.com\/en\/wp-json\/wp\/v2\/media?parent=4873"}],"wp:term":[{"taxonomy":"product_cat","embeddable":true,"href":"https:\/\/carnemaronesadop.com\/en\/wp-json\/wp\/v2\/product_cat?post=4873"},{"taxonomy":"product_tag","embeddable":true,"href":"https:\/\/carnemaronesadop.com\/en\/wp-json\/wp\/v2\/product_tag?post=4873"}],"curies":[{"name":"wp","href":"https:\/\/api.w.org\/{rel}","templated":true}]}}