{"id":4870,"date":"2025-02-04T10:31:36","date_gmt":"2025-02-04T10:31:36","guid":{"rendered":"https:\/\/carnemaronesadop.com\/?post_type=product&#038;p=4870"},"modified":"2026-04-07T17:53:29","modified_gmt":"2026-04-07T17:53:29","slug":"pack-rosbife-e-lombelo-clima-mais","status":"publish","type":"product","link":"https:\/\/carnemaronesadop.com\/en\/produtos\/pack-rosbife-e-lombelo-clima-mais\/","title":{"rendered":"Pack rosbife e lombelo"},"content":{"rendered":"<h3>Pack rosbife e lombelo<\/h3>\n<p><em><strong>Rosbife<\/strong><\/em> &#8211; Corte nobre da parte traseira. Utilizado para a prepara\u00e7\u00e3o do contrafil\u00e9 e fil\u00e9-mignon.<\/p>\n<p><em><strong>Lombelo<\/strong><\/em> &#8211;\u00a0Peda\u00e7o de carne de vitela, da parte por dentro da aba, que fica junto ao f\u00edgado do animal. Caracteriza-se por ser\u00a0muito tenra ideal para grelhar.<\/p>\n<p>A carne selecionada \u00e9 tenra e suculenta.<\/p>\n<p><strong>Peso: <\/strong>Entre 4,75 Kg ~ 5,0 Kg<\/p>\n<p>________________<\/p>\n<p>A nossa carne \u00e9 certificada com Denominac\u0327a\u0303o de Origem Protegida, a CARNE MARONESA DOP.<br \/>\nA ra\u00e7a Maronesa define-se como uma ra\u00e7a de montanha, primitiva, natural, e r\u00fastica.<br \/>\nA carne Maronesa apresenta uma gordura branca a branco marfim, conforme se trate de vitela ou animal adulto. O m\u00fasculo possui cor rosa a vermelha escura, tamb\u00e9m de acordo com a idade do animal.<\/p>\n","protected":false},"excerpt":{"rendered":"<p>Pack rosbife e lombelo<\/p>\n","protected":false},"featured_media":4956,"comment_status":"open","ping_status":"closed","template":"","meta":[],"product_cat":[90],"product_tag":[75,64],"class_list":["post-4870","product","type-product","status-publish","has-post-thumbnail","hentry","product_cat-clima","product_tag-lombelo-maronesa","product_tag-rosbife-vazia-maronesa"],"_links":{"self":[{"href":"https:\/\/carnemaronesadop.com\/en\/wp-json\/wp\/v2\/product\/4870","targetHints":{"allow":["GET"]}}],"collection":[{"href":"https:\/\/carnemaronesadop.com\/en\/wp-json\/wp\/v2\/product"}],"about":[{"href":"https:\/\/carnemaronesadop.com\/en\/wp-json\/wp\/v2\/types\/product"}],"replies":[{"embeddable":true,"href":"https:\/\/carnemaronesadop.com\/en\/wp-json\/wp\/v2\/comments?post=4870"}],"version-history":[{"count":2,"href":"https:\/\/carnemaronesadop.com\/en\/wp-json\/wp\/v2\/product\/4870\/revisions"}],"predecessor-version":[{"id":4872,"href":"https:\/\/carnemaronesadop.com\/en\/wp-json\/wp\/v2\/product\/4870\/revisions\/4872"}],"wp:featuredmedia":[{"embeddable":true,"href":"https:\/\/carnemaronesadop.com\/en\/wp-json\/wp\/v2\/media\/4956"}],"wp:attachment":[{"href":"https:\/\/carnemaronesadop.com\/en\/wp-json\/wp\/v2\/media?parent=4870"}],"wp:term":[{"taxonomy":"product_cat","embeddable":true,"href":"https:\/\/carnemaronesadop.com\/en\/wp-json\/wp\/v2\/product_cat?post=4870"},{"taxonomy":"product_tag","embeddable":true,"href":"https:\/\/carnemaronesadop.com\/en\/wp-json\/wp\/v2\/product_tag?post=4870"}],"curies":[{"name":"wp","href":"https:\/\/api.w.org\/{rel}","templated":true}]}}