{"id":4864,"date":"2025-02-04T10:28:26","date_gmt":"2025-02-04T10:28:26","guid":{"rendered":"https:\/\/carnemaronesadop.com\/?post_type=product&#038;p=4864"},"modified":"2026-01-16T16:33:06","modified_gmt":"2026-01-16T16:33:06","slug":"pack-cozer-estufar-e-assar-clima-mais","status":"publish","type":"product","link":"https:\/\/carnemaronesadop.com\/en\/produtos\/pack-cozer-estufar-e-assar-clima-mais\/","title":{"rendered":"Pack cozer, estufar e assar"},"content":{"rendered":"<h3 data-pm-slice=\"1 1 []\">Pack cozer, estufar e assar &#8211; Nispo, Fralda e Cacha\u00e7o<\/h3>\n<p>Pack com cortes ideais para cozer, estufar e assar.<\/p>\n<p>O pack inclui: Nispo, Fralda e Cacha\u00e7o<\/p>\n<p>A carne selecionada \u00e9 tenra e suculenta.<\/p>\n<p>Peso: Entre 4,75 Kg ~ 5,0 Kg<\/p>\n<p>________________<\/p>\n<p>A nossa carne \u00e9 certificada com Denominac\u0327a\u0303o de Origem Protegida, a CARNE MARONESA DOP.<br \/>\nA ra\u00e7a Maronesa define-se como uma ra\u00e7a de montanha, primitiva, natural, e r\u00fastica.<br \/>\nA carne Maronesa apresenta uma gordura branca a branco marfim, conforme se trate de vitela ou animal adulto. O m\u00fasculo possui cor rosa a vermelha escura, tamb\u00e9m de acordo com a idade do animal.<\/p>\n","protected":false},"excerpt":{"rendered":"<h3 data-pm-slice=\"1 1 []\">Pack cozer, estufar e assar &#8211; Nispo, Fralda e Cacha\u00e7o &#8211; Carne Maronesa<\/h3>\n","protected":false},"featured_media":4960,"comment_status":"open","ping_status":"closed","template":"","meta":[],"product_cat":[90],"product_tag":[60,77,78],"class_list":["post-4864","product","type-product","status-publish","has-post-thumbnail","hentry","product_cat-clima","product_tag-cachaco-maronesa","product_tag-fralda-maronesa","product_tag-nispo-maronesa"],"_links":{"self":[{"href":"https:\/\/carnemaronesadop.com\/en\/wp-json\/wp\/v2\/product\/4864","targetHints":{"allow":["GET"]}}],"collection":[{"href":"https:\/\/carnemaronesadop.com\/en\/wp-json\/wp\/v2\/product"}],"about":[{"href":"https:\/\/carnemaronesadop.com\/en\/wp-json\/wp\/v2\/types\/product"}],"replies":[{"embeddable":true,"href":"https:\/\/carnemaronesadop.com\/en\/wp-json\/wp\/v2\/comments?post=4864"}],"version-history":[{"count":2,"href":"https:\/\/carnemaronesadop.com\/en\/wp-json\/wp\/v2\/product\/4864\/revisions"}],"predecessor-version":[{"id":4866,"href":"https:\/\/carnemaronesadop.com\/en\/wp-json\/wp\/v2\/product\/4864\/revisions\/4866"}],"wp:featuredmedia":[{"embeddable":true,"href":"https:\/\/carnemaronesadop.com\/en\/wp-json\/wp\/v2\/media\/4960"}],"wp:attachment":[{"href":"https:\/\/carnemaronesadop.com\/en\/wp-json\/wp\/v2\/media?parent=4864"}],"wp:term":[{"taxonomy":"product_cat","embeddable":true,"href":"https:\/\/carnemaronesadop.com\/en\/wp-json\/wp\/v2\/product_cat?post=4864"},{"taxonomy":"product_tag","embeddable":true,"href":"https:\/\/carnemaronesadop.com\/en\/wp-json\/wp\/v2\/product_tag?post=4864"}],"curies":[{"name":"wp","href":"https:\/\/api.w.org\/{rel}","templated":true}]}}