{"id":3050,"date":"2024-04-23T09:29:58","date_gmt":"2024-04-23T09:29:58","guid":{"rendered":"https:\/\/carnemaronesadop.com\/?post_type=product&#038;p=3050"},"modified":"2026-01-16T16:32:15","modified_gmt":"2026-01-16T16:32:15","slug":"pack-grelhar","status":"publish","type":"product","link":"https:\/\/carnemaronesadop.com\/en\/produtos\/pack-grelhar\/","title":{"rendered":"Pack Grelhar"},"content":{"rendered":"\t\t<div data-elementor-type=\"product-post\" data-elementor-id=\"3050\" class=\"elementor elementor-3050\" data-elementor-post-type=\"product\">\n\t\t\t\t\t\t<div class=\"elementor-inner\">\n\t\t\t\t<div class=\"elementor-section-wrap\">\n\t\t\t\t\t\t\t\t\t<section class=\"elementor-section elementor-top-section elementor-element elementor-element-3821b736 elementor-section-boxed elementor-section-height-default elementor-section-height-default\" data-id=\"3821b736\" data-element_type=\"section\">\n\t\t\t\t\t\t<div class=\"elementor-container elementor-column-gap-default\">\n\t\t\t\t\t\t\t<div class=\"elementor-row\">\n\t\t\t\t\t<div class=\"elementor-column elementor-col-100 elementor-top-column elementor-element elementor-element-7c239108\" data-id=\"7c239108\" data-element_type=\"column\">\n\t\t\t<div class=\"elementor-column-wrap elementor-element-populated\">\n\t\t\t\t\t\t\t<div class=\"elementor-widget-wrap\">\n\t\t\t\t\t\t<div class=\"elementor-element elementor-element-1e77160 elementor-widget elementor-widget-text-editor\" data-id=\"1e77160\" data-element_type=\"widget\" data-widget_type=\"text-editor.default\">\n\t\t\t\t<div class=\"elementor-widget-container\">\n\t\t\t<style>\/*! elementor - v3.16.0 - 20-09-2023 *\/\n.elementor-widget-text-editor.elementor-drop-cap-view-stacked .elementor-drop-cap{background-color:#69727d;color:#fff}.elementor-widget-text-editor.elementor-drop-cap-view-framed .elementor-drop-cap{color:#69727d;border:3px solid;background-color:transparent}.elementor-widget-text-editor:not(.elementor-drop-cap-view-default) .elementor-drop-cap{margin-top:8px}.elementor-widget-text-editor:not(.elementor-drop-cap-view-default) .elementor-drop-cap-letter{width:1em;height:1em}.elementor-widget-text-editor .elementor-drop-cap{float:left;text-align:center;line-height:1;font-size:50px}.elementor-widget-text-editor .elementor-drop-cap-letter{display:inline-block}<\/style>\t\t\t\t\t<div class=\"elementor-text-editor elementor-clearfix\">\n\t\t\t\t<h3>Pack Grelhar: posta, bife, costeletas e p\u00e1<\/h3><p>Pack espec\u00edfico com cortes para grelhar.<\/p><p>O pack inclui: Posta, Bife, Costeleta e P\u00e1 de carne Maronesa.<\/p><p>A carne \u00e9 tenra e suculenta.<br \/><br \/>Peso: Entre 4,75 Kg ~ 5,0 Kg<\/p><p>________________<\/p><p>A nossa carne \u00e9 certificada com Denominac\u0327a\u0303o de Origem Protegida, a CARNE MARONESA DOP.<br \/>A ra\u00e7a Maronesa define-se como uma ra\u00e7a de montanha, primitiva, natural, e r\u00fastica.<br \/>A carne Maronesa apresenta uma gordura branca a branco marfim, conforme se trate de vitela ou animal adulto. O m\u00fasculo possui cor rosa a vermelha escura, tamb\u00e9m de acordo com a idade do animal.<\/p>\t\t\t\t\t<\/div>\n\t\t\t\t\t\t<\/div>\n\t\t\t\t<\/div>\n\t\t\t\t\t\t<\/div>\n\t\t\t\t\t<\/div>\n\t\t<\/div>\n\t\t\t\t\t\t\t\t<\/div>\n\t\t\t\t\t<\/div>\n\t\t<\/section>\n\t\t\t\t\t\t\t\t\t<\/div>\n\t\t\t<\/div>\n\t\t\t\t\t<\/div>\n\t\t","protected":false},"excerpt":{"rendered":"<p>Pack Grelhar: posta, bife, costeletas e p\u00e1 &#8211; Carne Maronesa<\/p>\n","protected":false},"featured_media":4573,"comment_status":"open","ping_status":"closed","template":"","meta":[],"product_cat":[51],"product_tag":[56,61,76],"class_list":["post-3050","product","type-product","status-publish","has-post-thumbnail","hentry","product_cat-carne-maronesa-dop","product_tag-costeleta-maronesa","product_tag-pa-maronesa","product_tag-posta-maronesa"],"_links":{"self":[{"href":"https:\/\/carnemaronesadop.com\/en\/wp-json\/wp\/v2\/product\/3050","targetHints":{"allow":["GET"]}}],"collection":[{"href":"https:\/\/carnemaronesadop.com\/en\/wp-json\/wp\/v2\/product"}],"about":[{"href":"https:\/\/carnemaronesadop.com\/en\/wp-json\/wp\/v2\/types\/product"}],"replies":[{"embeddable":true,"href":"https:\/\/carnemaronesadop.com\/en\/wp-json\/wp\/v2\/comments?post=3050"}],"version-history":[{"count":10,"href":"https:\/\/carnemaronesadop.com\/en\/wp-json\/wp\/v2\/product\/3050\/revisions"}],"predecessor-version":[{"id":4808,"href":"https:\/\/carnemaronesadop.com\/en\/wp-json\/wp\/v2\/product\/3050\/revisions\/4808"}],"wp:featuredmedia":[{"embeddable":true,"href":"https:\/\/carnemaronesadop.com\/en\/wp-json\/wp\/v2\/media\/4573"}],"wp:attachment":[{"href":"https:\/\/carnemaronesadop.com\/en\/wp-json\/wp\/v2\/media?parent=3050"}],"wp:term":[{"taxonomy":"product_cat","embeddable":true,"href":"https:\/\/carnemaronesadop.com\/en\/wp-json\/wp\/v2\/product_cat?post=3050"},{"taxonomy":"product_tag","embeddable":true,"href":"https:\/\/carnemaronesadop.com\/en\/wp-json\/wp\/v2\/product_tag?post=3050"}],"curies":[{"name":"wp","href":"https:\/\/api.w.org\/{rel}","templated":true}]}}