{"id":3012,"date":"2024-04-23T08:48:13","date_gmt":"2024-04-23T08:48:13","guid":{"rendered":"https:\/\/carnemaronesadop.com\/?post_type=product&#038;p=3012"},"modified":"2026-03-05T17:11:20","modified_gmt":"2026-03-05T17:11:20","slug":"pack-bife-e-posta","status":"publish","type":"product","link":"https:\/\/carnemaronesadop.com\/en\/produtos\/pack-bife-e-posta\/","title":{"rendered":"Pack bife e posta"},"content":{"rendered":"<h3 data-pm-slice=\"1 1 []\">Pack bife e posta<\/h3>\n<p>Pack com cortes ideais para grelhar e fritar.<\/p>\n<p>O pack inclui: Bife e Posta Maronesa.<\/p>\n<p>A carne selecionada \u00e9 tenra e suculenta.<\/p>\n<p>Peso: Entre 4,75 Kg ~ 5,0 Kg<\/p>\n<p>________________<\/p>\n<p>A nossa carne \u00e9 certificada com Denominac\u0327a\u0303o de Origem Protegida, a CARNE MARONESA DOP.<br \/>\nA ra\u00e7a Maronesa define-se como uma ra\u00e7a de montanha, primitiva, natural, e r\u00fastica.<br \/>\nA carne Maronesa apresenta uma gordura branca a branco marfim, conforme se trate de vitela ou animal adulto. O m\u00fasculo possui cor rosa a vermelha escura, tamb\u00e9m de acordo com a idade do animal.<\/p>\n","protected":false},"excerpt":{"rendered":"<p data-pm-slice=\"1 1 []\">Pack bife e posta &#8211; Carne Maronesa<\/p>\n","protected":false},"featured_media":5002,"comment_status":"open","ping_status":"closed","template":"","meta":[],"product_cat":[51],"product_tag":[63,76],"class_list":["post-3012","product","type-product","status-publish","has-post-thumbnail","hentry","product_cat-carne-maronesa-dop","product_tag-bife-maronesa","product_tag-posta-maronesa"],"_links":{"self":[{"href":"https:\/\/carnemaronesadop.com\/en\/wp-json\/wp\/v2\/product\/3012","targetHints":{"allow":["GET"]}}],"collection":[{"href":"https:\/\/carnemaronesadop.com\/en\/wp-json\/wp\/v2\/product"}],"about":[{"href":"https:\/\/carnemaronesadop.com\/en\/wp-json\/wp\/v2\/types\/product"}],"replies":[{"embeddable":true,"href":"https:\/\/carnemaronesadop.com\/en\/wp-json\/wp\/v2\/comments?post=3012"}],"version-history":[{"count":7,"href":"https:\/\/carnemaronesadop.com\/en\/wp-json\/wp\/v2\/product\/3012\/revisions"}],"predecessor-version":[{"id":4809,"href":"https:\/\/carnemaronesadop.com\/en\/wp-json\/wp\/v2\/product\/3012\/revisions\/4809"}],"wp:featuredmedia":[{"embeddable":true,"href":"https:\/\/carnemaronesadop.com\/en\/wp-json\/wp\/v2\/media\/5002"}],"wp:attachment":[{"href":"https:\/\/carnemaronesadop.com\/en\/wp-json\/wp\/v2\/media?parent=3012"}],"wp:term":[{"taxonomy":"product_cat","embeddable":true,"href":"https:\/\/carnemaronesadop.com\/en\/wp-json\/wp\/v2\/product_cat?post=3012"},{"taxonomy":"product_tag","embeddable":true,"href":"https:\/\/carnemaronesadop.com\/en\/wp-json\/wp\/v2\/product_tag?post=3012"}],"curies":[{"name":"wp","href":"https:\/\/api.w.org\/{rel}","templated":true}]}}